{"id":10314,"date":"2024-10-29T12:56:22","date_gmt":"2024-10-29T18:56:22","guid":{"rendered":"https:\/\/www.cosmos.com.mx\/blog\/?page_id=10314"},"modified":"2025-01-16T12:05:43","modified_gmt":"2025-01-16T18:05:43","slug":"inicio","status":"publish","type":"page","link":"https:\/\/www.cosmos.com.mx\/blog\/","title":{"rendered":"Blog Cosmos"},"content":{"rendered":"<p>[et_pb_section fb_built=&#8221;1&#8243; next_background_color=&#8221;RGBA(255,255,255,0)&#8221; admin_label=&#8221;Header&#8221; _builder_version=&#8221;4.27.0&#8243; _module_preset=&#8221;default&#8221; background_color=&#8221;#FFFFFF&#8221; use_background_color_gradient=&#8221;on&#8221; background_color_gradient_type=&#8221;circular&#8221; background_color_gradient_direction_radial=&#8221;bottom&#8221; background_color_gradient_stops=&#8221;#ffffff 0%|#0c71c3 70%|#0c71c3 100%&#8221; background_image=&#8221;https:\/\/www.cosmos.com.mx\/blog\/wp-content\/uploads\/bg-blog-1.jpg&#8221; background_blend=&#8221;soft-light&#8221; custom_margin=&#8221;1vw|3vw|1vw|3vw|true|true&#8221; custom_padding=&#8221;||60px||false|false&#8221; bottom_divider_style=&#8221;mountains&#8221; bottom_divider_height=&#8221;56px&#8221; bottom_divider_repeat=&#8221;3x&#8221; bottom_divider_arrangement=&#8221;above_content&#8221; background_last_edited=&#8221;on|tablet&#8221; background_mask_aspect_ratio_tablet=&#8221;portrait&#8221; border_radii=&#8221;on|1.5vw|1.5vw|1.5vw|1.5vw&#8221; locked=&#8221;off&#8221; collapsed=&#8221;on&#8221; global_colors_info=&#8221;{}&#8221;][et_pb_row _builder_version=&#8221;4.21.0&#8243; _module_preset=&#8221;default&#8221; width=&#8221;90%&#8221; locked=&#8221;off&#8221; global_colors_info=&#8221;{}&#8221;][et_pb_column type=&#8221;4_4&#8243; _builder_version=&#8221;4.21.0&#8243; _module_preset=&#8221;default&#8221; global_colors_info=&#8221;{}&#8221;][et_pb_text _builder_version=&#8221;4.25.0&#8243; _module_preset=&#8221;_initial&#8221; text_text_color=&#8221;#000000&#8243; header_font=&#8221;Inter|700|||||||&#8221; header_text_color=&#8221;#000000&#8243; header_font_size=&#8221;75px&#8221; text_orientation=&#8221;center&#8221; custom_margin=&#8221;||10px||false|false&#8221; global_colors_info=&#8221;{}&#8221;]<\/p>\n<h1>Blog Cosmos<\/h1>\n<p>Tu presencia en Internet\u00ae\ufe0f te lleva por el camino de los resultados, y es una estrategia exclusiva con nosotros<\/p>\n<p>[\/et_pb_text][\/et_pb_column][\/et_pb_row][\/et_pb_section][et_pb_section fb_built=&#8221;1&#8243; admin_label=&#8221;Post Slider&#8221; _builder_version=&#8221;4.21.0&#8243; _module_preset=&#8221;default&#8221; background_color=&#8221;RGBA(255,255,255,0)&#8221; custom_padding=&#8221;||0px||false|false&#8221; collapsed=&#8221;on&#8221; global_colors_info=&#8221;{}&#8221;][et_pb_row _builder_version=&#8221;4.21.0&#8243; _module_preset=&#8221;default&#8221; custom_margin=&#8221;-210px||||false|false&#8221; global_colors_info=&#8221;{}&#8221;][et_pb_column type=&#8221;4_4&#8243; _builder_version=&#8221;4.21.0&#8243; _module_preset=&#8221;default&#8221; global_colors_info=&#8221;{}&#8221;][et_pb_post_slider posts_number=&#8221;3&#8243; include_categories=&#8221;all&#8221; image_placement=&#8221;right&#8221; use_bg_overlay=&#8221;off&#8221; use_text_overlay=&#8221;off&#8221; arrows_custom_color=&#8221;#C61C20&#8243; dot_nav_custom_color=&#8221;#2D5986&#8243; _builder_version=&#8221;4.25.0&#8243; _module_preset=&#8221;_initial&#8221; header_font=&#8221;|700|||||||&#8221; header_font_size=&#8221;34px&#8221; meta_font=&#8221;|700||on|||||&#8221; meta_text_color=&#8221;#2D5986&#8243; meta_font_size=&#8221;12px&#8221; background_enable_color=&#8221;off&#8221; custom_button=&#8221;on&#8221; button_text_color=&#8221;#FFFFFF&#8221; button_bg_color=&#8221;#C61C20&#8243; button_border_width=&#8221;0px&#8221; button_border_radius=&#8221;24px&#8221; button_font=&#8221;Inter|||on|||||&#8221; button_use_icon=&#8221;off&#8221; background_layout=&#8221;light&#8221; custom_margin=&#8221;130px||||false|false&#8221; custom_padding=&#8221;40px||40px||false|false&#8221; box_shadow_style=&#8221;preset2&#8243; global_colors_info=&#8221;{%22gcid-b25270ff-80a4-43b3-b4f7-60812cb04374%22:%91%22arrows_custom_color%22,%22dot_nav_custom_color%22,%22meta_text_color%22,%22arrows_custom_color%22,%22dot_nav_custom_color%22,%22arrows_custom_color%22,%22arrows_custom_color%22%93,%22gcid-815ebb39-646b-4c9a-a3e8-ce9c4b7f9e47%22:%91%22form_field_text_color%22,%22border_color_all%22,%22border_color_all_fields%22,%22header_text_color%22,%22body_text_color%22,%22form_field_text_color%22,%22border_color_all%22,%22border_color_all_fields%22,%22header_text_color%22,%22body_text_color%22,%22form_field_text_color%22,%22border_color_all%22,%22border_color_all_fields%22,%22header_text_color%22,%22body_text_color%22,%22form_field_text_color%22,%22border_color_all%22,%22border_color_all_fields%22,%22header_text_color%22,%22body_text_color%22,%22form_field_text_color%22,%22border_color_all%22,%22border_color_all_fields%22,%22header_text_color%22,%22body_text_color%22,%22form_field_text_color%22,%22border_color_all%22,%22border_color_all_fields%22,%22header_text_color%22,%22body_text_color%22,%22form_field_text_color%22,%22border_color_all%22,%22border_color_all_fields%22,%22header_text_color%22,%22body_text_color%22,%22form_field_text_color%22,%22border_color_all%22,%22border_color_all_fields%22,%22header_text_color%22,%22body_text_color%22%93,%22gcid-05959b20-5052-4306-928c-1caa44cf406e%22:%91%22background_color_gradient_stops%22,%22background_color_gradient_stops%22,%22background_color_gradient_stops%22,%22background_color_gradient_stops%22,%22background_color_gradient_stops%22,%22background_color_gradient_stops%22,%22background_color_gradient_stops%22,%22background_color_gradient_stops%22%93}&#8221;][\/et_pb_post_slider][et_pb_blog fullwidth=&#8221;off&#8221; posts_number=&#8221;6&#8243; show_more=&#8221;on&#8221; show_author=&#8221;off&#8221; show_categories=&#8221;off&#8221; _builder_version=&#8221;4.25.0&#8243; _module_preset=&#8221;_initial&#8221; meta_text_color=&#8221;#2D5986&#8243; read_more_font=&#8221;|700||on|||||&#8221; read_more_text_color=&#8221;#C41C20&#8243; border_width_all=&#8221;0px&#8221; border_radii_image=&#8221;off|10px|10px||&#8221; locked=&#8221;off&#8221; global_colors_info=&#8221;{}&#8221;][\/et_pb_blog][\/et_pb_column][\/et_pb_row][\/et_pb_section][et_pb_section fb_built=&#8221;1&#8243; admin_label=&#8221;Footer CTA&#8221; _builder_version=&#8221;4.21.0&#8243; _module_preset=&#8221;default&#8221; z_index=&#8221;1&#8243; saved_tabs=&#8221;all&#8221; collapsed=&#8221;on&#8221; global_colors_info=&#8221;{}&#8221;][et_pb_row column_structure=&#8221;1_2,1_2&#8243; use_custom_gutter=&#8221;on&#8221; make_equal=&#8221;on&#8221; custom_padding_last_edited=&#8221;on|desktop&#8221; _builder_version=&#8221;4.21.0&#8243; _module_preset=&#8221;default&#8221; use_background_color_gradient=&#8221;on&#8221; background_color_gradient_stops=&#8221;gcid-05959b20-5052-4306-928c-1caa44cf406e 0%|#ffffff 65%&#8221; custom_margin=&#8221;||-128px||false|false&#8221; custom_padding=&#8221;60px|60px|60px|60px|true|true&#8221; custom_padding_tablet=&#8221;30px|30px|30px|30px|true|true&#8221; custom_padding_phone=&#8221;20px|20px|20px|20px|true|true&#8221; border_radii=&#8221;on|10px|10px|10px|10px&#8221; locked=&#8221;off&#8221; global_colors_info=&#8221;{%22gcid-b25270ff-80a4-43b3-b4f7-60812cb04374%22:%91%22arrows_custom_color%22,%22dot_nav_custom_color%22%93,%22gcid-815ebb39-646b-4c9a-a3e8-ce9c4b7f9e47%22:%91%22form_field_text_color%22,%22border_color_all%22,%22border_color_all_fields%22,%22header_text_color%22,%22body_text_color%22,%22meta_text_color%22%93,%22gcid-05959b20-5052-4306-928c-1caa44cf406e%22:%91%22background_color_gradient_stops%22%93}&#8221;][et_pb_column type=&#8221;1_2&#8243; _builder_version=&#8221;4.21.0&#8243; _module_preset=&#8221;default&#8221; custom_padding_tablet=&#8221;30px|30px|30px|30px|true|true&#8221; custom_padding_phone=&#8221;20px|20px|20px|20px|true|true&#8221; custom_padding_last_edited=&#8221;off|desktop&#8221; global_colors_info=&#8221;{%22gcid-b25270ff-80a4-43b3-b4f7-60812cb04374%22:%91%22arrows_custom_color%22,%22dot_nav_custom_color%22%93,%22gcid-815ebb39-646b-4c9a-a3e8-ce9c4b7f9e47%22:%91%22form_field_text_color%22,%22border_color_all%22,%22border_color_all_fields%22,%22header_text_color%22,%22body_text_color%22,%22meta_text_color%22%93,%22gcid-05959b20-5052-4306-928c-1caa44cf406e%22:%91%22background_color_gradient_stops%22%93}&#8221;][et_pb_text _builder_version=&#8221;4.25.0&#8243; _module_preset=&#8221;_initial&#8221; global_colors_info=&#8221;{}&#8221;]<\/p>\n<h2>En COSMOS Online\u00ae, impulsamos a la Industria, generando contactos de negocio entre grandes, medianas, peque\u00f1as y micro empresas, tanto nacionales como internacionales, con un mismo objetivo, hacer negocios en M\u00e9xico.<br \/>\n<\/h2>\n<p>[\/et_pb_text][et_pb_text _builder_version=&#8221;4.25.0&#8243; _module_preset=&#8221;_initial&#8221; global_colors_info=&#8221;{}&#8221;]Reg\u00edstrate sin costo y comienza a obtener todos los beneficios que tenemos para tu empresa [\/et_pb_text][et_pb_button button_url=&#8221;https:\/\/www.cosmos.com.mx\/empresas-registro&#8221; button_text=&#8221;Cont\u00e1ctanos&#8221; _builder_version=&#8221;4.25.0&#8243; _module_preset=&#8221;_initial&#8221; custom_button=&#8221;on&#8221; button_text_color=&#8221;#FFFFFF&#8221; button_bg_color=&#8221;#C41C20&#8243; button_border_color=&#8221;RGBA(255,255,255,0)&#8221; button_border_radius=&#8221;23px&#8221; button_font=&#8221;|||on|||||&#8221; global_colors_info=&#8221;{}&#8221;][\/et_pb_button][\/et_pb_column][et_pb_column type=&#8221;1_2&#8243; _builder_version=&#8221;4.21.0&#8243; _module_preset=&#8221;default&#8221; background_enable_image=&#8221;off&#8221; background_position=&#8221;center_left&#8221; global_colors_info=&#8221;{}&#8221;][et_pb_image src=&#8221;https:\/\/www.cosmos.com.mx\/blog\/wp-content\/uploads\/2149595831.jpg&#8221; title_text=&#8221;2149595831&#8243; _builder_version=&#8221;4.27.0&#8243; _module_preset=&#8221;default&#8221; custom_margin=&#8221;|-30%|-30%||false|false&#8221; global_colors_info=&#8221;{}&#8221;][\/et_pb_image][\/et_pb_column][\/et_pb_row][\/et_pb_section][et_pb_section fb_built=&#8221;1&#8243; admin_label=&#8221;Footer Links&#8221; _builder_version=&#8221;4.27.0&#8243; _module_preset=&#8221;default&#8221; background_color=&#8221;gcid-815ebb39-646b-4c9a-a3e8-ce9c4b7f9e47&#8243; use_background_color_gradient=&#8221;on&#8221; background_color_gradient_type=&#8221;circular&#8221; background_color_gradient_direction_radial=&#8221;bottom left&#8221; background_color_gradient_stops=&#8221;#ffffff 0%|#008cdd 100%&#8221; width=&#8221;80%&#8221; module_alignment=&#8221;center&#8221; custom_margin=&#8221;||60px||false|false&#8221; custom_padding=&#8221;120px||||false|false&#8221; background_last_edited=&#8221;on|tablet&#8221; border_radii=&#8221;on|20px|20px|20px|20px&#8221; saved_tabs=&#8221;all&#8221; collapsed=&#8221;on&#8221; global_colors_info=&#8221;{%22gcid-815ebb39-646b-4c9a-a3e8-ce9c4b7f9e47%22:%91%22background_color%22%93}&#8221;][et_pb_row column_structure=&#8221;1_2,1_4,1_4&#8243; _builder_version=&#8221;4.21.0&#8243; _module_preset=&#8221;default&#8221; width=&#8221;90%&#8221; locked=&#8221;off&#8221; global_colors_info=&#8221;{%22gcid-815ebb39-646b-4c9a-a3e8-ce9c4b7f9e47%22:%91%22background_color%22%93}&#8221;][et_pb_column type=&#8221;1_2&#8243; _builder_version=&#8221;4.21.0&#8243; _module_preset=&#8221;default&#8221; global_colors_info=&#8221;{}&#8221;][et_pb_image alt=&#8221;Cosmos 30 a\u00f1os&#8221; title_text=&#8221;30aniversario&#8221; _builder_version=&#8221;4.25.0&#8243; _module_preset=&#8221;default&#8221; hover_enabled=&#8221;0&#8243; locked=&#8221;off&#8221; global_colors_info=&#8221;{}&#8221; sticky_enabled=&#8221;0&#8243; src=&#8221;https:\/\/www.cosmos.com.mx\/blog\/wp-content\/uploads\/30aniversario-e1737050696847.png&#8221;][\/et_pb_image][et_pb_text _builder_version=&#8221;4.27.0&#8243; _module_preset=&#8221;_initial&#8221; text_text_color=&#8221;#2d5986&#8243; global_colors_info=&#8221;{}&#8221; custom_padding=&#8221;0px|||||&#8221;]<\/p>\n<h4><strong>30 a\u00f1os enlazando exitosamente a proveedores y compradores de la industria.<\/strong><\/h4>\n<p>[\/et_pb_text][et_pb_social_media_follow icon_color=&#8221;#2D5986&#8243; _builder_version=&#8221;4.25.0&#8243; _module_preset=&#8221;default&#8221; global_colors_info=&#8221;{}&#8221;][et_pb_social_media_follow_network social_network=&#8221;facebook&#8221; url=&#8221;https:\/\/www.facebook.com\/CosmosOnlineB2B&#8221; _builder_version=&#8221;4.27.0&#8243; _module_preset=&#8221;default&#8221; global_colors_info=&#8221;{}&#8221; follow_button=&#8221;off&#8221; url_new_window=&#8221;on&#8221;]facebook[\/et_pb_social_media_follow_network][et_pb_social_media_follow_network social_network=&#8221;twitter&#8221; url=&#8221;https:\/\/x.com\/CosmosOnlineB2B&#8221; _builder_version=&#8221;4.27.0&#8243; _module_preset=&#8221;default&#8221; global_colors_info=&#8221;{}&#8221; follow_button=&#8221;off&#8221; url_new_window=&#8221;on&#8221;]twitter[\/et_pb_social_media_follow_network][et_pb_social_media_follow_network social_network=&#8221;youtube&#8221; url=&#8221;https:\/\/www.youtube.com\/user\/cosmoscanal&#8221; _builder_version=&#8221;4.27.0&#8243; _module_preset=&#8221;default&#8221; background_enable_color=&#8221;off&#8221; global_colors_info=&#8221;{}&#8221; follow_button=&#8221;off&#8221; url_new_window=&#8221;on&#8221;]youtube[\/et_pb_social_media_follow_network][et_pb_social_media_follow_network social_network=&#8221;instagram&#8221; url=&#8221;https:\/\/www.instagram.com\/cosmosonlineb2b\/&#8221; _builder_version=&#8221;4.27.0&#8243; _module_preset=&#8221;default&#8221; global_colors_info=&#8221;{}&#8221; follow_button=&#8221;off&#8221; url_new_window=&#8221;on&#8221;]instagram[\/et_pb_social_media_follow_network][et_pb_social_media_follow_network social_network=&#8221;linkedin&#8221; url=&#8221;https:\/\/www.linkedin.com\/in\/cosmos-online-42097538\/&#8221; _builder_version=&#8221;4.25.0&#8243; _module_preset=&#8221;default&#8221; background_color=&#8221;RGBA(255,255,255,0)&#8221; background_enable_color=&#8221;on&#8221; global_colors_info=&#8221;{}&#8221; follow_button=&#8221;off&#8221; url_new_window=&#8221;on&#8221;]linkedin[\/et_pb_social_media_follow_network][\/et_pb_social_media_follow][\/et_pb_column][et_pb_column type=&#8221;1_4&#8243; _builder_version=&#8221;4.21.0&#8243; _module_preset=&#8221;default&#8221; global_colors_info=&#8221;{}&#8221;][et_pb_button button_url=&#8221;https:\/\/cosmos.com.mx\/blog\/contacto&#8221; button_text=&#8221;\u00bfRequieres alg\u00fan producto o servicio?&#8221; button_alignment=&#8221;center&#8221; _builder_version=&#8221;4.25.0&#8243; _module_preset=&#8221;default&#8221; custom_button=&#8221;on&#8221; button_text_color=&#8221;#FFFFFF&#8221; button_bg_color=&#8221;#C41C20&#8243; button_border_width=&#8221;0px&#8221; button_border_radius=&#8221;20px&#8221; background_layout=&#8221;dark&#8221; global_colors_info=&#8221;{}&#8221;][\/et_pb_button][\/et_pb_column][et_pb_column type=&#8221;1_4&#8243; _builder_version=&#8221;4.21.0&#8243; _module_preset=&#8221;default&#8221; global_colors_info=&#8221;{}&#8221;][et_pb_text _builder_version=&#8221;4.27.0&#8243; _module_preset=&#8221;_initial&#8221; header_4_text_color=&#8221;#FFFFFF&#8221; custom_margin=&#8221;||0px||false|false&#8221; locked=&#8221;off&#8221; global_colors_info=&#8221;{}&#8221;]<\/p>\n<h4 style=\"color: #C61C20 !important\">Categor\u00edas Principales<\/h4>\n<p>[\/et_pb_text][et_pb_text _builder_version=&#8221;4.25.0&#8243; _module_preset=&#8221;_initial&#8221; text_text_color=&#8221;#FFFFFF&#8221; link_text_color=&#8221;#FFFFFF&#8221; custom_margin=&#8221;||10px||false|false&#8221; locked=&#8221;off&#8221; global_colors_info=&#8221;{}&#8221;]<\/p>\n<p><a href=\"https:\/\/www.cosmos.com.mx\/blog\/category\/alimentaria\/\">Alimentaria<\/a><\/p>\n<p>[\/et_pb_text][et_pb_text _builder_version=&#8221;4.25.0&#8243; _module_preset=&#8221;_initial&#8221; text_text_color=&#8221;#FFFFFF&#8221; link_text_color=&#8221;#FFFFFF&#8221; custom_margin=&#8221;||10px||false|false&#8221; locked=&#8221;off&#8221; global_colors_info=&#8221;{}&#8221;]<a href=\"https:\/\/www.cosmos.com.mx\/blog\/category\/construccion\/\">Construcci\u00f3n<\/a>[\/et_pb_text][et_pb_text _builder_version=&#8221;4.25.0&#8243; _module_preset=&#8221;_initial&#8221; text_text_color=&#8221;#FFFFFF&#8221; link_text_color=&#8221;#FFFFFF&#8221; custom_margin=&#8221;||10px||false|false&#8221; locked=&#8221;off&#8221; global_colors_info=&#8221;{}&#8221;]<a href=\"https:\/\/www.cosmos.com.mx\/blog\/category\/farmaceutica-y-hospitalaria\/\">Farmac\u00e9utica y hospitalaria<\/a>[\/et_pb_text][et_pb_text _builder_version=&#8221;4.25.0&#8243; _module_preset=&#8221;_initial&#8221; text_text_color=&#8221;#FFFFFF&#8221; link_text_color=&#8221;#FFFFFF&#8221; custom_margin=&#8221;||10px||false|false&#8221; locked=&#8221;off&#8221; global_colors_info=&#8221;{}&#8221;]<a href=\"https:\/\/www.cosmos.com.mx\/blog\/category\/maquinaria-y-equipo\/\">Maquinaria y equipo<\/a>[\/et_pb_text][et_pb_text _builder_version=&#8221;4.25.0&#8243; _module_preset=&#8221;_initial&#8221; text_text_color=&#8221;#FFFFFF&#8221; link_text_color=&#8221;#FFFFFF&#8221; custom_margin=&#8221;||10px||false|false&#8221; locked=&#8221;off&#8221; global_colors_info=&#8221;{}&#8221;]<a href=\"https:\/\/www.cosmos.com.mx\/blog\/category\/quimica-y-petroquimica\/\">Qu\u00edmica y petroqu\u00edquimica<\/a>[\/et_pb_text][et_pb_text _builder_version=&#8221;4.25.0&#8243; _module_preset=&#8221;_initial&#8221; text_text_color=&#8221;#FFFFFF&#8221; link_text_color=&#8221;#FFFFFF&#8221; custom_margin=&#8221;||10px||false|false&#8221; locked=&#8221;off&#8221; global_colors_info=&#8221;{}&#8221;]<a href=\"https:\/\/www.cosmos.com.mx\/blog\/category\/seguridad-y-mantenimiento\/\">Seguridad y mantenimiento<\/a>[\/et_pb_text][\/et_pb_column][\/et_pb_row][\/et_pb_section]<\/p>\n","protected":false},"excerpt":{"rendered":"<p>Blog Cosmos Tu presencia en Internet\u00ae\ufe0f te lleva por el camino de los resultados, y es una estrategia exclusiva con nosotrosEn COSMOS Online\u00ae, impulsamos a la Industria, generando contactos de negocio entre grandes, medianas, peque\u00f1as y micro empresas, tanto nacionales como internacionales, con un mismo objetivo, hacer negocios en M\u00e9xico. Reg\u00edstrate sin costo y comienza [&hellip;]<\/p>\n","protected":false},"author":6,"featured_media":0,"parent":0,"menu_order":0,"comment_status":"closed","ping_status":"closed","template":"","meta":{"_et_pb_use_builder":"on","_et_pb_old_content":"","_et_gb_content_width":""},"yoast_head":"<!-- This site is optimized with the Yoast SEO plugin v20.1 - https:\/\/yoast.com\/wordpress\/plugins\/seo\/ -->\n<title>Blog Cosmos - &quot;Tu presencia en Internet\u00ae\ufe0f te lleva por el camino de los resultados, y es una estrategia exclusiva con nosotros&quot;<\/title>\n<meta name=\"description\" content=\"Tu presencia en Internet\u00ae\ufe0f te lleva por el camino de los resultados, y es una estrategia exclusiva con nosotros\" \/>\n<meta name=\"robots\" content=\"index, follow, max-snippet:-1, max-image-preview:large, max-video-preview:-1\" \/>\n<link rel=\"canonical\" href=\"https:\/\/www.cosmos.com.mx\/blog\/\" \/>\n<meta property=\"og:locale\" content=\"es_ES\" \/>\n<meta property=\"og:type\" content=\"article\" \/>\n<meta property=\"og:title\" content=\"Blog Cosmos - &quot;Tu presencia en Internet\u00ae\ufe0f te lleva por el camino de los resultados, y es una estrategia exclusiva con nosotros&quot;\" \/>\n<meta property=\"og:description\" content=\"Tu presencia en Internet\u00ae\ufe0f te lleva por el camino de los resultados, y es una estrategia exclusiva con nosotros\" \/>\n<meta property=\"og:url\" content=\"https:\/\/www.cosmos.com.mx\/blog\/\" \/>\n<meta property=\"og:site_name\" content=\"&quot;Tu presencia en Internet\u00ae\ufe0f te lleva por el camino de los resultados, y es una estrategia exclusiva con nosotros&quot;\" \/>\n<meta property=\"article:publisher\" content=\"http:\/\/facebook.com\/CosmosOnlineB2B\" \/>\n<meta property=\"article:modified_time\" content=\"2025-01-16T18:05:43+00:00\" \/>\n<script type=\"application\/ld+json\" class=\"yoast-schema-graph\">{\"@context\":\"https:\/\/schema.org\",\"@graph\":[{\"@type\":\"WebPage\",\"@id\":\"https:\/\/www.cosmos.com.mx\/blog\/\",\"url\":\"https:\/\/www.cosmos.com.mx\/blog\/\",\"name\":\"Blog Cosmos - &quot;Tu presencia en Internet\u00ae\ufe0f te lleva por el camino de los resultados, y es una estrategia exclusiva con nosotros&quot;\",\"isPartOf\":{\"@id\":\"https:\/\/www.cosmos.com.mx\/blog\/#website\"},\"datePublished\":\"2024-10-29T18:56:22+00:00\",\"dateModified\":\"2025-01-16T18:05:43+00:00\",\"description\":\"Tu presencia en Internet\u00ae\ufe0f te lleva por el camino de los resultados, y es una estrategia exclusiva con nosotros\",\"breadcrumb\":{\"@id\":\"https:\/\/www.cosmos.com.mx\/blog\/#breadcrumb\"},\"inLanguage\":\"es\",\"potentialAction\":[{\"@type\":\"ReadAction\",\"target\":[\"https:\/\/www.cosmos.com.mx\/blog\/\"]}]},{\"@type\":\"BreadcrumbList\",\"@id\":\"https:\/\/www.cosmos.com.mx\/blog\/#breadcrumb\",\"itemListElement\":[{\"@type\":\"ListItem\",\"position\":1,\"name\":\"Inicio\",\"item\":\"https:\/\/www.cosmos.com.mx\/blog\/\"},{\"@type\":\"ListItem\",\"position\":2,\"name\":\"Blog Cosmos\"}]},{\"@type\":\"WebSite\",\"@id\":\"https:\/\/www.cosmos.com.mx\/blog\/#website\",\"url\":\"https:\/\/www.cosmos.com.mx\/blog\/\",\"name\":\"&quot;Tu presencia en Internet\u00ae\ufe0f te lleva por el camino de los resultados, y es una estrategia exclusiva con nosotros&quot;\",\"description\":\"Blog Cosmos Online*\",\"publisher\":{\"@id\":\"https:\/\/www.cosmos.com.mx\/blog\/#organization\"},\"potentialAction\":[{\"@type\":\"SearchAction\",\"target\":{\"@type\":\"EntryPoint\",\"urlTemplate\":\"https:\/\/www.cosmos.com.mx\/blog\/?s={search_term_string}\"},\"query-input\":\"required name=search_term_string\"}],\"inLanguage\":\"es\"},{\"@type\":\"Organization\",\"@id\":\"https:\/\/www.cosmos.com.mx\/blog\/#organization\",\"name\":\"COSMOS Online\",\"url\":\"https:\/\/www.cosmos.com.mx\/blog\/\",\"logo\":{\"@type\":\"ImageObject\",\"inLanguage\":\"es\",\"@id\":\"https:\/\/www.cosmos.com.mx\/blog\/#\/schema\/logo\/image\/\",\"url\":\"https:\/\/www.cosmos.com.mx\/blog\/wp-content\/uploads\/logo-22-min.jpg\",\"contentUrl\":\"https:\/\/www.cosmos.com.mx\/blog\/wp-content\/uploads\/logo-22-min.jpg\",\"width\":300,\"height\":126,\"caption\":\"COSMOS Online\"},\"image\":{\"@id\":\"https:\/\/www.cosmos.com.mx\/blog\/#\/schema\/logo\/image\/\"},\"sameAs\":[\"http:\/\/facebook.com\/CosmosOnlineB2B\",\"https:\/\/twitter.com\/CosmosOnlineB2B\",\"http:\/\/www.youtube.com\/user\/cosmoscanal\"]}]}<\/script>\n<!-- \/ Yoast SEO plugin. -->","yoast_head_json":{"title":"Blog Cosmos - &quot;Tu presencia en Internet\u00ae\ufe0f te lleva por el camino de los resultados, y es una estrategia exclusiva con nosotros&quot;","description":"Tu presencia en Internet\u00ae\ufe0f te lleva por el camino de los resultados, y es una estrategia exclusiva con nosotros","robots":{"index":"index","follow":"follow","max-snippet":"max-snippet:-1","max-image-preview":"max-image-preview:large","max-video-preview":"max-video-preview:-1"},"canonical":"https:\/\/www.cosmos.com.mx\/blog\/","og_locale":"es_ES","og_type":"article","og_title":"Blog Cosmos - &quot;Tu presencia en Internet\u00ae\ufe0f te lleva por el camino de los resultados, y es una estrategia exclusiva con nosotros&quot;","og_description":"Tu presencia en Internet\u00ae\ufe0f te lleva por el camino de los resultados, y es una estrategia exclusiva con nosotros","og_url":"https:\/\/www.cosmos.com.mx\/blog\/","og_site_name":"&quot;Tu presencia en Internet\u00ae\ufe0f te lleva por el camino de los resultados, y es una estrategia exclusiva con nosotros&quot;","article_publisher":"http:\/\/facebook.com\/CosmosOnlineB2B","article_modified_time":"2025-01-16T18:05:43+00:00","schema":{"@context":"https:\/\/schema.org","@graph":[{"@type":"WebPage","@id":"https:\/\/www.cosmos.com.mx\/blog\/","url":"https:\/\/www.cosmos.com.mx\/blog\/","name":"Blog Cosmos - &quot;Tu presencia en Internet\u00ae\ufe0f te lleva por el camino de los resultados, y es una estrategia exclusiva con nosotros&quot;","isPartOf":{"@id":"https:\/\/www.cosmos.com.mx\/blog\/#website"},"datePublished":"2024-10-29T18:56:22+00:00","dateModified":"2025-01-16T18:05:43+00:00","description":"Tu presencia en Internet\u00ae\ufe0f te lleva por el camino de los resultados, y es una estrategia exclusiva con nosotros","breadcrumb":{"@id":"https:\/\/www.cosmos.com.mx\/blog\/#breadcrumb"},"inLanguage":"es","potentialAction":[{"@type":"ReadAction","target":["https:\/\/www.cosmos.com.mx\/blog\/"]}]},{"@type":"BreadcrumbList","@id":"https:\/\/www.cosmos.com.mx\/blog\/#breadcrumb","itemListElement":[{"@type":"ListItem","position":1,"name":"Inicio","item":"https:\/\/www.cosmos.com.mx\/blog\/"},{"@type":"ListItem","position":2,"name":"Blog Cosmos"}]},{"@type":"WebSite","@id":"https:\/\/www.cosmos.com.mx\/blog\/#website","url":"https:\/\/www.cosmos.com.mx\/blog\/","name":"&quot;Tu presencia en Internet\u00ae\ufe0f te lleva por el camino de los resultados, y es una estrategia exclusiva con nosotros&quot;","description":"Blog Cosmos Online*","publisher":{"@id":"https:\/\/www.cosmos.com.mx\/blog\/#organization"},"potentialAction":[{"@type":"SearchAction","target":{"@type":"EntryPoint","urlTemplate":"https:\/\/www.cosmos.com.mx\/blog\/?s={search_term_string}"},"query-input":"required name=search_term_string"}],"inLanguage":"es"},{"@type":"Organization","@id":"https:\/\/www.cosmos.com.mx\/blog\/#organization","name":"COSMOS Online","url":"https:\/\/www.cosmos.com.mx\/blog\/","logo":{"@type":"ImageObject","inLanguage":"es","@id":"https:\/\/www.cosmos.com.mx\/blog\/#\/schema\/logo\/image\/","url":"https:\/\/www.cosmos.com.mx\/blog\/wp-content\/uploads\/logo-22-min.jpg","contentUrl":"https:\/\/www.cosmos.com.mx\/blog\/wp-content\/uploads\/logo-22-min.jpg","width":300,"height":126,"caption":"COSMOS Online"},"image":{"@id":"https:\/\/www.cosmos.com.mx\/blog\/#\/schema\/logo\/image\/"},"sameAs":["http:\/\/facebook.com\/CosmosOnlineB2B","https:\/\/twitter.com\/CosmosOnlineB2B","http:\/\/www.youtube.com\/user\/cosmoscanal"]}]}},"_links":{"self":[{"href":"https:\/\/www.cosmos.com.mx\/blog\/wp-json\/wp\/v2\/pages\/10314"}],"collection":[{"href":"https:\/\/www.cosmos.com.mx\/blog\/wp-json\/wp\/v2\/pages"}],"about":[{"href":"https:\/\/www.cosmos.com.mx\/blog\/wp-json\/wp\/v2\/types\/page"}],"author":[{"embeddable":true,"href":"https:\/\/www.cosmos.com.mx\/blog\/wp-json\/wp\/v2\/users\/6"}],"replies":[{"embeddable":true,"href":"https:\/\/www.cosmos.com.mx\/blog\/wp-json\/wp\/v2\/comments?post=10314"}],"version-history":[{"count":12,"href":"https:\/\/www.cosmos.com.mx\/blog\/wp-json\/wp\/v2\/pages\/10314\/revisions"}],"predecessor-version":[{"id":11329,"href":"https:\/\/www.cosmos.com.mx\/blog\/wp-json\/wp\/v2\/pages\/10314\/revisions\/11329"}],"wp:attachment":[{"href":"https:\/\/www.cosmos.com.mx\/blog\/wp-json\/wp\/v2\/media?parent=10314"}],"curies":[{"name":"wp","href":"https:\/\/api.w.org\/{rel}","templated":true}]}}